{"id":72,"date":"2025-04-25T14:13:57","date_gmt":"2025-04-25T12:13:57","guid":{"rendered":"https:\/\/harryanddeborah2025.fr\/?page_id=72"},"modified":"2025-05-04T06:31:27","modified_gmt":"2025-05-04T04:31:27","slug":"infos-pratiques","status":"publish","type":"page","link":"https:\/\/harryanddeborah2025.fr\/index.php\/infos-pratiques\/","title":{"rendered":"Infos pratiques"},"content":{"rendered":"\n<div class=\"wp-block-uagb-container uagb-block-c363ecf3 alignfull uagb-is-root-container\"><div class=\"uagb-container-inner-blocks-wrap\">\n<div class=\"wp-block-group is-vertical is-layout-flex wp-container-core-group-is-layout-cd86aea5 wp-block-group-is-layout-flex\">\n<div class=\"wp-block-uagb-image alignleft uagb-block-02fc1233 wp-block-uagb-image--layout-default wp-block-uagb-image--effect-static wp-block-uagb-image--align-left\"><figure class=\"wp-block-uagb-image__figure\"><img decoding=\"async\" srcset=\"https:\/\/harryanddeborah2025.fr\/wp-content\/uploads\/2025\/04\/Fichier-8.svg ,https:\/\/harryanddeborah2025.fr\/wp-content\/uploads\/2025\/04\/Fichier-8.svg 780w, https:\/\/harryanddeborah2025.fr\/wp-content\/uploads\/2025\/04\/Fichier-8.svg 360w\" sizes=\"auto, (max-width: 480px) 150px\" src=\"https:\/\/harryanddeborah2025.fr\/wp-content\/uploads\/2025\/04\/Fichier-8.svg\" alt=\"\" class=\"uag-image-375\" width=\"150\" height=\"150\" title=\"Fichier 8\" loading=\"lazy\" role=\"img\"\/><\/figure><\/div>\n\n\n\n<div class=\"wp-block-uagb-advanced-heading uagb-block-25e58f13\"><h1 class=\"uagb-heading-text\">Les informations utiles pour une journ\u00e9e inoubliable<\/h1><\/div>\n<\/div>\n<\/div><\/div>\n\n\n\n<div class=\"wp-block-uagb-container uagb-block-d7e375a8 alignfull uagb-is-root-container\"><div class=\"uagb-container-inner-blocks-wrap\">\n<p class=\"has-text-align-center\" style=\"padding-right:0;padding-left:0\">Vous trouverez ici toutes les informations n\u00e9cessaires pour faciliter votre venue, ainsi que les adresses essentielles \u00e0 retenir pour vous rendre sur place et organiser votre h\u00e9bergement.<\/p>\n\n\n\n<div class=\"wp-block-uagb-separator uagb-block-4212f24f\"><div class=\"uagb-separator-spacing-wrapper\"><div class=\"wp-block-uagb-separator__inner\" style=\"--my-background-image:\"><\/div><\/div><\/div>\n\n\n\n<div class=\"wp-block-group is-vertical is-layout-flex wp-container-core-group-is-layout-733cc568 wp-block-group-is-layout-flex\" style=\"margin-top:0;margin-bottom:0;padding-top:0;padding-right:0;padding-bottom:0px;padding-left:0\">\n<div class=\"wp-block-uagb-advanced-heading uagb-block-0f61b99f\"><h2 class=\"uagb-heading-text\">Le lieu de r\u00e9ception<\/h2><\/div>\n\n\n\n<p class=\"has-text-align-left\" style=\"margin-top:0;margin-bottom:0;padding-top:0;padding-bottom:var(--wp--preset--spacing--30)\">La c\u00e9r\u00e9monie d\u00e9butera \u00e0 15h30, cette derni\u00e8re ainsi que le vin d&rsquo;honneur se d\u00e9rouleront au Domaine de Lalanne : <\/p>\n\n\n\n<p class=\"has-text-align-left\" style=\"margin-top:0;margin-bottom:0;padding-top:var(--wp--preset--spacing--50);padding-bottom:0;font-style:normal;font-weight:600\">Domaine de Lalanne<\/p>\n\n\n\n<p class=\"has-text-align-left\" style=\"margin-top:0;margin-bottom:0;padding-top:0;padding-bottom:0;font-style:normal;font-weight:600\">33 Route de Bonrepos, <\/p>\n\n\n\n<p class=\"has-text-align-left\" style=\"margin-top:0;margin-bottom:var(--wp--preset--spacing--70);padding-top:0;padding-bottom:0;font-style:normal;font-weight:600\">31470 Fontenilles.<\/p>\n<\/div>\n\n\n\t\t\t<div \n\t\t\tclass=\"wp-block-uagb-google-map uagb-google-map__wrap uagb-block-9f1c15b6     \"\n\t\t\tstyle=\"\" >\n\t\t\t\t<embed\n\t\t\t\t\tclass=\"uagb-google-map__iframe\"\n\t\t\t\t\ttitle=\"Carte Google pour \"\n\t\t\t\t\tsrc=\"https:\/\/maps.google.com\/maps?q=Domaine%20de%20Lalanne&#038;z=15&#038;hl=fr&#038;t=k&#038;output=embed&#038;iwloc=near\"\n\t\t\t\t\twidth=\"640\"\n\t\t\t\t\theight=\"300\"\n\t\t\t\t\tloading=\"lazy\"\n\t\t\t\t><\/embed>\n\t\t\t<\/div>\n\t\t\t<\/div><\/div>\n\n\n\n<div class=\"wp-block-uagb-container uagb-block-448fd132 alignfull uagb-is-root-container\"><div class=\"uagb-container-inner-blocks-wrap\">\n<div class=\"wp-block-group alignwide is-vertical is-layout-flex wp-container-core-group-is-layout-9271ca63 wp-block-group-is-layout-flex\" style=\"margin-top:0;margin-bottom:0;padding-top:0rem;padding-right:0;padding-bottom:0px;padding-left:0\">\n<div class=\"wp-block-uagb-advanced-heading uagb-block-370a2536\"><h2 class=\"uagb-heading-text\">Se rendre au domaine<\/h2><\/div>\n\n\n\n<p class=\"has-text-align-left\" style=\"margin-top:0;margin-bottom:0;padding-top:0;padding-bottom:var(--wp--preset--spacing--30)\">Pour faciliter votre arriv\u00e9e, plusieurs gares et a\u00e9roports se trouvent \u00e0 proximit\u00e9 du lieu de notre mariage. Que vous veniez en train ou en avion, vous pourrez facilement rejoindre notre c\u00e9l\u00e9bration gr\u00e2ce aux options de transport accessibles \u00e0 quelques kilom\u00e8tres.<\/p>\n\n\n\n<div class=\"wp-block-group is-layout-flex wp-container-core-group-is-layout-a47675de wp-block-group-is-layout-flex\">\n<div class=\"wp-block-group is-vertical is-layout-flex wp-container-core-group-is-layout-4b827052 wp-block-group-is-layout-flex\">\n<p class=\"has-text-align-left\" style=\"margin-top:0;margin-bottom:0;padding-top:0;padding-bottom:0;font-style:normal;font-weight:600\"><strong>Les gares les plus proches :<\/strong><\/p>\n\n\n\n<ul class=\"wp-block-list\">\n<li>Brax-L\u00e9guevin (7.8 Km)<\/li>\n\n\n\n<li>Colomiers (12.3 Km) <\/li>\n\n\n\n<li>L&rsquo;isle-Jourdain (13.7 Km)<\/li>\n<\/ul>\n<\/div>\n\n\n\n<div class=\"wp-block-group is-vertical is-layout-flex wp-container-core-group-is-layout-67710c2e wp-block-group-is-layout-flex\" style=\"margin-top:0;margin-bottom:0;padding-top:0;padding-bottom:0\">\n<p class=\"has-text-align-left\" style=\"margin-top:0;margin-bottom:0;padding-top:0;padding-bottom:0;font-style:normal;font-weight:600\"><strong>L<\/strong>&lsquo;a\u00e9roport le plus proche<strong> :<\/strong><\/p>\n\n\n\n<ul class=\"wp-block-list\">\n<li>Toulouse-Blagnac (25.4 Km)<\/li>\n<\/ul>\n<\/div>\n<\/div>\n<\/div>\n<\/div><\/div>\n\n\n\n<div class=\"wp-block-uagb-container uagb-block-41c397fd alignfull uagb-is-root-container\"><div class=\"uagb-container-inner-blocks-wrap\">\n<div class=\"wp-block-group is-layout-constrained wp-container-core-group-is-layout-520232fb wp-block-group-is-layout-constrained\" style=\"padding-right:0;padding-left:0\">\n<div class=\"wp-block-uagb-advanced-heading uagb-block-c960bab0\"><h2 class=\"uagb-heading-text\">Les h\u00e9bergements \u00e0 proximit\u00e9<\/h2><\/div>\n\n\n\n<p style=\"margin-bottom:var(--wp--preset--spacing--30)\">Des options d\u2019h\u00e9bergement vari\u00e9es sont disponibles \u00e0 proximit\u00e9 du lieu de notre mariage, vous permettant de s\u00e9journer confortablement \u00e0 quelques pas de la c\u00e9l\u00e9bration. <\/p>\n\n\n\n<div class=\"wp-block-group is-vertical is-layout-flex wp-container-core-group-is-layout-3a19b9da wp-block-group-is-layout-flex\" style=\"margin-top:0;margin-bottom:0\">\n<p style=\"margin-top:0;margin-bottom:0;padding-top:0;padding-bottom:0\"><strong>Les villes proches du lieu de r\u00e9ception\u00a0 : <\/strong><\/p>\n\n\n\n<ul class=\"wp-block-list\">\n<li>Colomiers<\/li>\n<\/ul>\n\n\n\n<ul class=\"wp-block-list\">\n<li>Fonsorbes<\/li>\n<\/ul>\n\n\n\n<ul class=\"wp-block-list\">\n<li>Saint Lys<\/li>\n<\/ul>\n<\/div>\n\n\n\n<p style=\"margin-top:0;margin-bottom:0;padding-top:var(--wp--preset--spacing--60);padding-bottom:var(--wp--preset--spacing--20)\"><strong>Quelques recommandations: <\/strong><\/p>\n\n\n\n<div class=\"wp-block-group is-layout-grid wp-container-core-group-is-layout-478b6e6b wp-block-group-is-layout-grid\">\n<div class=\"wp-block-group is-vertical is-layout-flex wp-container-core-group-is-layout-68766654 wp-block-group-is-layout-flex\" style=\"padding-top:0;padding-bottom:0\">\n<p style=\"margin-top:0;margin-bottom:0\"><strong>G\u00eete L&rsquo;Escapade Nature &amp; Gourmande<\/strong><\/p>\n\n\n\n<p style=\"margin-top:0;margin-bottom:0\">1453 chemin des Moulins <\/p>\n\n\n\n<p style=\"margin-top:0;margin-bottom:0\">32600 PUJAUDRAN <\/p>\n\n\n\n<p style=\"margin-top:0;margin-bottom:0;padding-top:0;padding-bottom:0\">06.86.91.39.07<\/p>\n<\/div>\n\n\n\n<div class=\"wp-block-group is-vertical is-layout-flex wp-container-core-group-is-layout-68766654 wp-block-group-is-layout-flex\" style=\"padding-top:0;padding-bottom:0\">\n<p style=\"margin-top:0;margin-bottom:0\"><strong>Hostellerie du Lac<\/strong><\/p>\n\n\n\n<p style=\"margin-top:0;margin-bottom:0\">Route d&rsquo;Auch <\/p>\n\n\n\n<p style=\"margin-top:0;margin-bottom:0\">Avenue Corps France Pommiers <\/p>\n\n\n\n<p style=\"margin-top:0;margin-bottom:0\">32600 L&rsquo;ISLE-JOURDAIN<\/p>\n\n\n\n<p style=\"margin-top:0;margin-bottom:0;padding-top:0;padding-bottom:0\">05.62.07.03.91<\/p>\n<\/div>\n\n\n\n<div class=\"wp-block-group is-vertical is-layout-flex wp-container-core-group-is-layout-68766654 wp-block-group-is-layout-flex\" style=\"padding-top:0;padding-bottom:0\">\n<p style=\"margin-top:0;margin-bottom:0\"><strong>L\u2019\u00e9chapp\u00e9e belle<\/strong><\/p>\n\n\n\n<p style=\"margin-top:0;margin-bottom:0\">2 Place Gambetta<\/p>\n\n\n\n<p style=\"margin-top:0;margin-bottom:0\">32600 L&rsquo;ISLE-JOURDAIN<\/p>\n\n\n\n<p style=\"margin-top:0;margin-bottom:0;padding-top:0;padding-bottom:0\">05.62.07.50.00<\/p>\n<\/div>\n\n\n\n<div class=\"wp-block-group is-vertical is-layout-flex wp-container-core-group-is-layout-68766654 wp-block-group-is-layout-flex\" style=\"padding-top:0;padding-bottom:0\">\n<p style=\"margin-top:0;margin-bottom:0\"><strong>G\u00eete Les Ch\u00eanes<\/strong><\/p>\n\n\n\n<p style=\"margin-top:0;margin-bottom:0\">5 chemin de Las Pri\u00e8res <\/p>\n\n\n\n<p style=\"margin-top:0;margin-bottom:0\">31470 FONTENILLES<\/p>\n\n\n\n<p style=\"margin-top:0;margin-bottom:0\">(\u00e0 7 minutes du domaine)<\/p>\n<\/div>\n\n\n\n<div class=\"wp-block-group is-vertical is-layout-flex wp-container-core-group-is-layout-68766654 wp-block-group-is-layout-flex\" style=\"padding-top:0;padding-bottom:0\">\n<p style=\"margin-top:0;margin-bottom:0\"><strong>G\u00eete La Ferme de Thi\u00e8re<\/strong><\/p>\n\n\n\n<p style=\"margin-top:0;margin-bottom:0\">65 Chemin de Thiere<\/p>\n\n\n\n<p style=\"margin-top:0;margin-bottom:0\">31470 FONTENILLES<\/p>\n\n\n\n<p style=\"margin-top:0;margin-bottom:0;padding-top:0;padding-bottom:0\">05.61.91.28.94<\/p>\n\n\n\n<p style=\"margin-top:0;margin-bottom:0\">(\u00e0 10 minutes du domaine)<\/p>\n<\/div>\n\n\n\n<div class=\"wp-block-group is-vertical is-layout-flex wp-container-core-group-is-layout-68766654 wp-block-group-is-layout-flex\" style=\"padding-top:0;padding-bottom:0\">\n<p style=\"margin-top:0;margin-bottom:0\"><strong>G\u00eete Domaine de Genibrat<\/strong><\/p>\n\n\n\n<p style=\"margin-top:0;margin-bottom:0\">Avenue Claude Chapp\u00e9<\/p>\n\n\n\n<p style=\"margin-top:0;margin-bottom:0\">31470 FONTENILLES<\/p>\n\n\n\n<p style=\"margin-top:0;margin-bottom:0\">06.32.02.08.53<\/p>\n\n\n\n<p style=\"margin-top:0;margin-bottom:0\">(\u00e0 3 minutes du domaine)<\/p>\n<\/div>\n<\/div>\n<\/div>\n<\/div><\/div>\n","protected":false},"excerpt":{"rendered":"<p>Les informations utiles pour une journ\u00e9e inoubliable Vous trouverez ici toutes les informations n\u00e9cessaires pour faciliter votre venue, ainsi que [&hellip;]<\/p>\n","protected":false},"author":1,"featured_media":0,"parent":0,"menu_order":0,"comment_status":"closed","ping_status":"closed","template":"","meta":{"_uag_custom_page_level_css":"","site-sidebar-layout":"default","site-content-layout":"","ast-site-content-layout":"","site-content-style":"default","site-sidebar-style":"default","ast-global-header-display":"","ast-banner-title-visibility":"","ast-main-header-display":"","ast-hfb-above-header-display":"","ast-hfb-below-header-display":"","ast-hfb-mobile-header-display":"","site-post-title":"disabled","ast-breadcrumbs-content":"","ast-featured-img":"","footer-sml-layout":"","theme-transparent-header-meta":"","adv-header-id-meta":"","stick-header-meta":"","header-above-stick-meta":"","header-main-stick-meta":"","header-below-stick-meta":"","astra-migrate-meta-layouts":"default","ast-page-background-enabled":"default","ast-page-background-meta":{"desktop":{"background-color":"var(--ast-global-color-5)","background-image":"","background-repeat":"repeat","background-position":"center center","background-size":"auto","background-attachment":"scroll","background-type":"","background-media":"","overlay-type":"","overlay-color":"","overlay-opacity":"","overlay-gradient":""},"tablet":{"background-color":"","background-image":"","background-repeat":"repeat","background-position":"center center","background-size":"auto","background-attachment":"scroll","background-type":"","background-media":"","overlay-type":"","overlay-color":"","overlay-opacity":"","overlay-gradient":""},"mobile":{"background-color":"","background-image":"","background-repeat":"repeat","background-position":"center center","background-size":"auto","background-attachment":"scroll","background-type":"","background-media":"","overlay-type":"","overlay-color":"","overlay-opacity":"","overlay-gradient":""}},"ast-content-background-meta":{"desktop":{"background-color":"var(--ast-global-color-4)","background-image":"","background-repeat":"repeat","background-position":"center center","background-size":"auto","background-attachment":"scroll","background-type":"","background-media":"","overlay-type":"","overlay-color":"","overlay-opacity":"","overlay-gradient":""},"tablet":{"background-color":"var(--ast-global-color-4)","background-image":"","background-repeat":"repeat","background-position":"center center","background-size":"auto","background-attachment":"scroll","background-type":"","background-media":"","overlay-type":"","overlay-color":"","overlay-opacity":"","overlay-gradient":""},"mobile":{"background-color":"var(--ast-global-color-4)","background-image":"","background-repeat":"repeat","background-position":"center center","background-size":"auto","background-attachment":"scroll","background-type":"","background-media":"","overlay-type":"","overlay-color":"","overlay-opacity":"","overlay-gradient":""}},"footnotes":""},"class_list":["post-72","page","type-page","status-publish","hentry"],"yoast_head":"<!-- This site is optimized with the Yoast SEO plugin v27.3 - https:\/\/yoast.com\/product\/yoast-seo-wordpress\/ -->\n<title>Infos pratiques - Harry &amp; D\u00e9borah<\/title>\n<meta name=\"robots\" content=\"noindex, follow, max-snippet:-1, max-image-preview:large, max-video-preview:-1\" \/>\n<meta property=\"og:locale\" content=\"fr_FR\" \/>\n<meta property=\"og:type\" content=\"article\" \/>\n<meta property=\"og:title\" content=\"Infos pratiques - Harry &amp; D\u00e9borah\" \/>\n<meta property=\"og:description\" content=\"Les informations utiles pour une journ\u00e9e inoubliable Vous trouverez ici toutes les informations n\u00e9cessaires pour faciliter votre venue, ainsi que [&hellip;]\" \/>\n<meta property=\"og:url\" content=\"https:\/\/harryanddeborah2025.fr\/index.php\/infos-pratiques\/\" \/>\n<meta property=\"og:site_name\" content=\"Harry &amp; D\u00e9borah\" \/>\n<meta property=\"article:modified_time\" content=\"2025-05-04T04:31:27+00:00\" \/>\n<meta property=\"og:image\" content=\"http:\/\/harryanddeborah2025.fr\/wp-content\/uploads\/2025\/04\/Fichier-8.svg\" \/>\n<meta name=\"twitter:card\" content=\"summary_large_image\" \/>\n<meta name=\"twitter:label1\" content=\"Dur\u00e9e de lecture estim\u00e9e\" \/>\n\t<meta name=\"twitter:data1\" content=\"1 minute\" \/>\n<script type=\"application\/ld+json\" class=\"yoast-schema-graph\">{\"@context\":\"https:\\\/\\\/schema.org\",\"@graph\":[{\"@type\":\"WebPage\",\"@id\":\"https:\\\/\\\/harryanddeborah2025.fr\\\/index.php\\\/infos-pratiques\\\/\",\"url\":\"https:\\\/\\\/harryanddeborah2025.fr\\\/index.php\\\/infos-pratiques\\\/\",\"name\":\"Infos pratiques - Harry &amp; D\u00e9borah\",\"isPartOf\":{\"@id\":\"https:\\\/\\\/harryanddeborah2025.fr\\\/#website\"},\"primaryImageOfPage\":{\"@id\":\"https:\\\/\\\/harryanddeborah2025.fr\\\/index.php\\\/infos-pratiques\\\/#primaryimage\"},\"image\":{\"@id\":\"https:\\\/\\\/harryanddeborah2025.fr\\\/index.php\\\/infos-pratiques\\\/#primaryimage\"},\"thumbnailUrl\":\"http:\\\/\\\/harryanddeborah2025.fr\\\/wp-content\\\/uploads\\\/2025\\\/04\\\/Fichier-8.svg\",\"datePublished\":\"2025-04-25T12:13:57+00:00\",\"dateModified\":\"2025-05-04T04:31:27+00:00\",\"breadcrumb\":{\"@id\":\"https:\\\/\\\/harryanddeborah2025.fr\\\/index.php\\\/infos-pratiques\\\/#breadcrumb\"},\"inLanguage\":\"fr-FR\",\"potentialAction\":[{\"@type\":\"ReadAction\",\"target\":[\"https:\\\/\\\/harryanddeborah2025.fr\\\/index.php\\\/infos-pratiques\\\/\"]}]},{\"@type\":\"ImageObject\",\"inLanguage\":\"fr-FR\",\"@id\":\"https:\\\/\\\/harryanddeborah2025.fr\\\/index.php\\\/infos-pratiques\\\/#primaryimage\",\"url\":\"http:\\\/\\\/harryanddeborah2025.fr\\\/wp-content\\\/uploads\\\/2025\\\/04\\\/Fichier-8.svg\",\"contentUrl\":\"http:\\\/\\\/harryanddeborah2025.fr\\\/wp-content\\\/uploads\\\/2025\\\/04\\\/Fichier-8.svg\"},{\"@type\":\"BreadcrumbList\",\"@id\":\"https:\\\/\\\/harryanddeborah2025.fr\\\/index.php\\\/infos-pratiques\\\/#breadcrumb\",\"itemListElement\":[{\"@type\":\"ListItem\",\"position\":1,\"name\":\"Accueil\",\"item\":\"https:\\\/\\\/harryanddeborah2025.fr\\\/\"},{\"@type\":\"ListItem\",\"position\":2,\"name\":\"Infos pratiques\"}]},{\"@type\":\"WebSite\",\"@id\":\"https:\\\/\\\/harryanddeborah2025.fr\\\/#website\",\"url\":\"https:\\\/\\\/harryanddeborah2025.fr\\\/\",\"name\":\"Harry &amp; D\u00e9borah\",\"description\":\"Harry &amp; D\u00e9borah\",\"publisher\":{\"@id\":\"https:\\\/\\\/harryanddeborah2025.fr\\\/#organization\"},\"potentialAction\":[{\"@type\":\"SearchAction\",\"target\":{\"@type\":\"EntryPoint\",\"urlTemplate\":\"https:\\\/\\\/harryanddeborah2025.fr\\\/?s={search_term_string}\"},\"query-input\":{\"@type\":\"PropertyValueSpecification\",\"valueRequired\":true,\"valueName\":\"search_term_string\"}}],\"inLanguage\":\"fr-FR\"},{\"@type\":\"Organization\",\"@id\":\"https:\\\/\\\/harryanddeborah2025.fr\\\/#organization\",\"name\":\"Harry &amp; D\u00e9borah\",\"url\":\"https:\\\/\\\/harryanddeborah2025.fr\\\/\",\"logo\":{\"@type\":\"ImageObject\",\"inLanguage\":\"fr-FR\",\"@id\":\"https:\\\/\\\/harryanddeborah2025.fr\\\/#\\\/schema\\\/logo\\\/image\\\/\",\"url\":\"https:\\\/\\\/harryanddeborah2025.fr\\\/wp-content\\\/uploads\\\/2025\\\/04\\\/logo-debo-harry.png\",\"contentUrl\":\"https:\\\/\\\/harryanddeborah2025.fr\\\/wp-content\\\/uploads\\\/2025\\\/04\\\/logo-debo-harry.png\",\"width\":500,\"height\":500,\"caption\":\"Harry &amp; D\u00e9borah\"},\"image\":{\"@id\":\"https:\\\/\\\/harryanddeborah2025.fr\\\/#\\\/schema\\\/logo\\\/image\\\/\"}}]}<\/script>\n<!-- \/ Yoast SEO plugin. -->","yoast_head_json":{"title":"Infos pratiques - Harry &amp; D\u00e9borah","robots":{"index":"noindex","follow":"follow","max-snippet":"max-snippet:-1","max-image-preview":"max-image-preview:large","max-video-preview":"max-video-preview:-1"},"og_locale":"fr_FR","og_type":"article","og_title":"Infos pratiques - Harry &amp; D\u00e9borah","og_description":"Les informations utiles pour une journ\u00e9e inoubliable Vous trouverez ici toutes les informations n\u00e9cessaires pour faciliter votre venue, ainsi que [&hellip;]","og_url":"https:\/\/harryanddeborah2025.fr\/index.php\/infos-pratiques\/","og_site_name":"Harry &amp; D\u00e9borah","article_modified_time":"2025-05-04T04:31:27+00:00","og_image":[{"url":"http:\/\/harryanddeborah2025.fr\/wp-content\/uploads\/2025\/04\/Fichier-8.svg","type":"","width":"","height":""}],"twitter_card":"summary_large_image","twitter_misc":{"Dur\u00e9e de lecture estim\u00e9e":"1 minute"},"schema":{"@context":"https:\/\/schema.org","@graph":[{"@type":"WebPage","@id":"https:\/\/harryanddeborah2025.fr\/index.php\/infos-pratiques\/","url":"https:\/\/harryanddeborah2025.fr\/index.php\/infos-pratiques\/","name":"Infos pratiques - Harry &amp; D\u00e9borah","isPartOf":{"@id":"https:\/\/harryanddeborah2025.fr\/#website"},"primaryImageOfPage":{"@id":"https:\/\/harryanddeborah2025.fr\/index.php\/infos-pratiques\/#primaryimage"},"image":{"@id":"https:\/\/harryanddeborah2025.fr\/index.php\/infos-pratiques\/#primaryimage"},"thumbnailUrl":"http:\/\/harryanddeborah2025.fr\/wp-content\/uploads\/2025\/04\/Fichier-8.svg","datePublished":"2025-04-25T12:13:57+00:00","dateModified":"2025-05-04T04:31:27+00:00","breadcrumb":{"@id":"https:\/\/harryanddeborah2025.fr\/index.php\/infos-pratiques\/#breadcrumb"},"inLanguage":"fr-FR","potentialAction":[{"@type":"ReadAction","target":["https:\/\/harryanddeborah2025.fr\/index.php\/infos-pratiques\/"]}]},{"@type":"ImageObject","inLanguage":"fr-FR","@id":"https:\/\/harryanddeborah2025.fr\/index.php\/infos-pratiques\/#primaryimage","url":"http:\/\/harryanddeborah2025.fr\/wp-content\/uploads\/2025\/04\/Fichier-8.svg","contentUrl":"http:\/\/harryanddeborah2025.fr\/wp-content\/uploads\/2025\/04\/Fichier-8.svg"},{"@type":"BreadcrumbList","@id":"https:\/\/harryanddeborah2025.fr\/index.php\/infos-pratiques\/#breadcrumb","itemListElement":[{"@type":"ListItem","position":1,"name":"Accueil","item":"https:\/\/harryanddeborah2025.fr\/"},{"@type":"ListItem","position":2,"name":"Infos pratiques"}]},{"@type":"WebSite","@id":"https:\/\/harryanddeborah2025.fr\/#website","url":"https:\/\/harryanddeborah2025.fr\/","name":"Harry &amp; D\u00e9borah","description":"Harry &amp; D\u00e9borah","publisher":{"@id":"https:\/\/harryanddeborah2025.fr\/#organization"},"potentialAction":[{"@type":"SearchAction","target":{"@type":"EntryPoint","urlTemplate":"https:\/\/harryanddeborah2025.fr\/?s={search_term_string}"},"query-input":{"@type":"PropertyValueSpecification","valueRequired":true,"valueName":"search_term_string"}}],"inLanguage":"fr-FR"},{"@type":"Organization","@id":"https:\/\/harryanddeborah2025.fr\/#organization","name":"Harry &amp; D\u00e9borah","url":"https:\/\/harryanddeborah2025.fr\/","logo":{"@type":"ImageObject","inLanguage":"fr-FR","@id":"https:\/\/harryanddeborah2025.fr\/#\/schema\/logo\/image\/","url":"https:\/\/harryanddeborah2025.fr\/wp-content\/uploads\/2025\/04\/logo-debo-harry.png","contentUrl":"https:\/\/harryanddeborah2025.fr\/wp-content\/uploads\/2025\/04\/logo-debo-harry.png","width":500,"height":500,"caption":"Harry &amp; D\u00e9borah"},"image":{"@id":"https:\/\/harryanddeborah2025.fr\/#\/schema\/logo\/image\/"}}]}},"uagb_featured_image_src":{"full":false,"thumbnail":false,"medium":false,"medium_large":false,"large":false,"1536x1536":false,"2048x2048":false},"uagb_author_info":{"display_name":"admin5824","author_link":"https:\/\/harryanddeborah2025.fr\/index.php\/author\/admin5824\/"},"uagb_comment_info":0,"uagb_excerpt":"Les informations utiles pour une journ\u00e9e inoubliable Vous trouverez ici toutes les informations n\u00e9cessaires pour faciliter votre venue, ainsi que [&hellip;]","_links":{"self":[{"href":"https:\/\/harryanddeborah2025.fr\/index.php\/wp-json\/wp\/v2\/pages\/72","targetHints":{"allow":["GET"]}}],"collection":[{"href":"https:\/\/harryanddeborah2025.fr\/index.php\/wp-json\/wp\/v2\/pages"}],"about":[{"href":"https:\/\/harryanddeborah2025.fr\/index.php\/wp-json\/wp\/v2\/types\/page"}],"author":[{"embeddable":true,"href":"https:\/\/harryanddeborah2025.fr\/index.php\/wp-json\/wp\/v2\/users\/1"}],"replies":[{"embeddable":true,"href":"https:\/\/harryanddeborah2025.fr\/index.php\/wp-json\/wp\/v2\/comments?post=72"}],"version-history":[{"count":74,"href":"https:\/\/harryanddeborah2025.fr\/index.php\/wp-json\/wp\/v2\/pages\/72\/revisions"}],"predecessor-version":[{"id":838,"href":"https:\/\/harryanddeborah2025.fr\/index.php\/wp-json\/wp\/v2\/pages\/72\/revisions\/838"}],"wp:attachment":[{"href":"https:\/\/harryanddeborah2025.fr\/index.php\/wp-json\/wp\/v2\/media?parent=72"}],"curies":[{"name":"wp","href":"https:\/\/api.w.org\/{rel}","templated":true}]}}