{"id":74,"date":"2025-04-25T14:14:13","date_gmt":"2025-04-25T12:14:13","guid":{"rendered":"https:\/\/harryanddeborah2025.fr\/?page_id=74"},"modified":"2025-09-23T22:44:28","modified_gmt":"2025-09-23T20:44:28","slug":"souvenirs","status":"publish","type":"page","link":"https:\/\/harryanddeborah2025.fr\/index.php\/souvenirs\/","title":{"rendered":"Souvenirs"},"content":{"rendered":"","protected":true},"excerpt":{"rendered":"","protected":true},"author":1,"featured_media":0,"parent":0,"menu_order":0,"comment_status":"closed","ping_status":"closed","template":"","meta":{"_uag_custom_page_level_css":"","site-sidebar-layout":"default","site-content-layout":"","ast-site-content-layout":"default","site-content-style":"default","site-sidebar-style":"default","ast-global-header-display":"","ast-banner-title-visibility":"","ast-main-header-display":"","ast-hfb-above-header-display":"","ast-hfb-below-header-display":"","ast-hfb-mobile-header-display":"","site-post-title":"disabled","ast-breadcrumbs-content":"","ast-featured-img":"","footer-sml-layout":"","theme-transparent-header-meta":"","adv-header-id-meta":"","stick-header-meta":"","header-above-stick-meta":"","header-main-stick-meta":"","header-below-stick-meta":"","astra-migrate-meta-layouts":"default","ast-page-background-enabled":"default","ast-page-background-meta":{"desktop":{"background-color":"var(--ast-global-color-5)","background-image":"","background-repeat":"repeat","background-position":"center center","background-size":"auto","background-attachment":"scroll","background-type":"","background-media":"","overlay-type":"","overlay-color":"","overlay-opacity":"","overlay-gradient":""},"tablet":{"background-color":"","background-image":"","background-repeat":"repeat","background-position":"center center","background-size":"auto","background-attachment":"scroll","background-type":"","background-media":"","overlay-type":"","overlay-color":"","overlay-opacity":"","overlay-gradient":""},"mobile":{"background-color":"","background-image":"","background-repeat":"repeat","background-position":"center center","background-size":"auto","background-attachment":"scroll","background-type":"","background-media":"","overlay-type":"","overlay-color":"","overlay-opacity":"","overlay-gradient":""}},"ast-content-background-meta":{"desktop":{"background-color":"var(--ast-global-color-4)","background-image":"","background-repeat":"repeat","background-position":"center center","background-size":"auto","background-attachment":"scroll","background-type":"","background-media":"","overlay-type":"","overlay-color":"","overlay-opacity":"","overlay-gradient":""},"tablet":{"background-color":"var(--ast-global-color-4)","background-image":"","background-repeat":"repeat","background-position":"center center","background-size":"auto","background-attachment":"scroll","background-type":"","background-media":"","overlay-type":"","overlay-color":"","overlay-opacity":"","overlay-gradient":""},"mobile":{"background-color":"var(--ast-global-color-4)","background-image":"","background-repeat":"repeat","background-position":"center center","background-size":"auto","background-attachment":"scroll","background-type":"","background-media":"","overlay-type":"","overlay-color":"","overlay-opacity":"","overlay-gradient":""}},"footnotes":""},"class_list":["post-74","page","type-page","status-publish","post-password-required","hentry"],"yoast_head":"<!-- This site is optimized with the Yoast SEO plugin v27.3 - https:\/\/yoast.com\/product\/yoast-seo-wordpress\/ -->\n<title>Souvenirs - Harry &amp; D\u00e9borah<\/title>\n<meta name=\"robots\" content=\"noindex, follow, max-snippet:-1, max-image-preview:large, max-video-preview:-1\" \/>\n<meta property=\"og:locale\" content=\"fr_FR\" \/>\n<meta property=\"og:type\" content=\"article\" \/>\n<meta property=\"og:title\" content=\"Souvenirs - Harry &amp; D\u00e9borah\" \/>\n<meta property=\"og:description\" content=\"Il n\u2019y a pas d\u2019extrait, car cette publication est prot\u00e9g\u00e9e.\" \/>\n<meta property=\"og:url\" content=\"https:\/\/harryanddeborah2025.fr\/index.php\/souvenirs\/\" \/>\n<meta property=\"og:site_name\" content=\"Harry &amp; D\u00e9borah\" \/>\n<meta property=\"article:modified_time\" content=\"2025-09-23T20:44:28+00:00\" \/>\n<meta name=\"twitter:card\" content=\"summary_large_image\" \/>\n<meta name=\"twitter:label1\" content=\"Dur\u00e9e de lecture estim\u00e9e\" \/>\n\t<meta name=\"twitter:data1\" content=\"2 minutes\" \/>\n<script type=\"application\/ld+json\" class=\"yoast-schema-graph\">{\"@context\":\"https:\\\/\\\/schema.org\",\"@graph\":[{\"@type\":\"WebPage\",\"@id\":\"https:\\\/\\\/harryanddeborah2025.fr\\\/index.php\\\/souvenirs\\\/\",\"url\":\"https:\\\/\\\/harryanddeborah2025.fr\\\/index.php\\\/souvenirs\\\/\",\"name\":\"Souvenirs - Harry &amp; D\u00e9borah\",\"isPartOf\":{\"@id\":\"https:\\\/\\\/harryanddeborah2025.fr\\\/#website\"},\"datePublished\":\"2025-04-25T12:14:13+00:00\",\"dateModified\":\"2025-09-23T20:44:28+00:00\",\"breadcrumb\":{\"@id\":\"https:\\\/\\\/harryanddeborah2025.fr\\\/index.php\\\/souvenirs\\\/#breadcrumb\"},\"inLanguage\":\"fr-FR\"},{\"@type\":\"WebSite\",\"@id\":\"https:\\\/\\\/harryanddeborah2025.fr\\\/#website\",\"url\":\"https:\\\/\\\/harryanddeborah2025.fr\\\/\",\"name\":\"Harry &amp; D\u00e9borah\",\"description\":\"Harry &amp; D\u00e9borah\",\"publisher\":{\"@id\":\"https:\\\/\\\/harryanddeborah2025.fr\\\/#organization\"},\"potentialAction\":[{\"@type\":\"SearchAction\",\"target\":{\"@type\":\"EntryPoint\",\"urlTemplate\":\"https:\\\/\\\/harryanddeborah2025.fr\\\/?s={search_term_string}\"},\"query-input\":{\"@type\":\"PropertyValueSpecification\",\"valueRequired\":true,\"valueName\":\"search_term_string\"}}],\"inLanguage\":\"fr-FR\"},{\"@type\":\"Organization\",\"@id\":\"https:\\\/\\\/harryanddeborah2025.fr\\\/#organization\",\"name\":\"Harry &amp; D\u00e9borah\",\"url\":\"https:\\\/\\\/harryanddeborah2025.fr\\\/\",\"logo\":{\"@type\":\"ImageObject\",\"inLanguage\":\"fr-FR\",\"@id\":\"https:\\\/\\\/harryanddeborah2025.fr\\\/#\\\/schema\\\/logo\\\/image\\\/\",\"url\":\"https:\\\/\\\/harryanddeborah2025.fr\\\/wp-content\\\/uploads\\\/2025\\\/04\\\/logo-debo-harry.png\",\"contentUrl\":\"https:\\\/\\\/harryanddeborah2025.fr\\\/wp-content\\\/uploads\\\/2025\\\/04\\\/logo-debo-harry.png\",\"width\":500,\"height\":500,\"caption\":\"Harry &amp; D\u00e9borah\"},\"image\":{\"@id\":\"https:\\\/\\\/harryanddeborah2025.fr\\\/#\\\/schema\\\/logo\\\/image\\\/\"}}]}<\/script>\n<!-- \/ Yoast SEO plugin. -->","yoast_head_json":{"title":"Souvenirs - Harry &amp; D\u00e9borah","robots":{"index":"noindex","follow":"follow","max-snippet":"max-snippet:-1","max-image-preview":"max-image-preview:large","max-video-preview":"max-video-preview:-1"},"og_locale":"fr_FR","og_type":"article","og_title":"Souvenirs - Harry &amp; D\u00e9borah","og_description":"Il n\u2019y a pas d\u2019extrait, car cette publication est prot\u00e9g\u00e9e.","og_url":"https:\/\/harryanddeborah2025.fr\/index.php\/souvenirs\/","og_site_name":"Harry &amp; D\u00e9borah","article_modified_time":"2025-09-23T20:44:28+00:00","twitter_card":"summary_large_image","twitter_misc":{"Dur\u00e9e de lecture estim\u00e9e":"2 minutes"},"schema":{"@context":"https:\/\/schema.org","@graph":[{"@type":"WebPage","@id":"https:\/\/harryanddeborah2025.fr\/index.php\/souvenirs\/","url":"https:\/\/harryanddeborah2025.fr\/index.php\/souvenirs\/","name":"Souvenirs - Harry &amp; D\u00e9borah","isPartOf":{"@id":"https:\/\/harryanddeborah2025.fr\/#website"},"datePublished":"2025-04-25T12:14:13+00:00","dateModified":"2025-09-23T20:44:28+00:00","breadcrumb":{"@id":"https:\/\/harryanddeborah2025.fr\/index.php\/souvenirs\/#breadcrumb"},"inLanguage":"fr-FR"},{"@type":"WebSite","@id":"https:\/\/harryanddeborah2025.fr\/#website","url":"https:\/\/harryanddeborah2025.fr\/","name":"Harry &amp; D\u00e9borah","description":"Harry &amp; D\u00e9borah","publisher":{"@id":"https:\/\/harryanddeborah2025.fr\/#organization"},"potentialAction":[{"@type":"SearchAction","target":{"@type":"EntryPoint","urlTemplate":"https:\/\/harryanddeborah2025.fr\/?s={search_term_string}"},"query-input":{"@type":"PropertyValueSpecification","valueRequired":true,"valueName":"search_term_string"}}],"inLanguage":"fr-FR"},{"@type":"Organization","@id":"https:\/\/harryanddeborah2025.fr\/#organization","name":"Harry &amp; D\u00e9borah","url":"https:\/\/harryanddeborah2025.fr\/","logo":{"@type":"ImageObject","inLanguage":"fr-FR","@id":"https:\/\/harryanddeborah2025.fr\/#\/schema\/logo\/image\/","url":"https:\/\/harryanddeborah2025.fr\/wp-content\/uploads\/2025\/04\/logo-debo-harry.png","contentUrl":"https:\/\/harryanddeborah2025.fr\/wp-content\/uploads\/2025\/04\/logo-debo-harry.png","width":500,"height":500,"caption":"Harry &amp; D\u00e9borah"},"image":{"@id":"https:\/\/harryanddeborah2025.fr\/#\/schema\/logo\/image\/"}}]}},"uagb_featured_image_src":{"full":false,"thumbnail":false,"medium":false,"medium_large":false,"large":false,"1536x1536":false,"2048x2048":false},"uagb_author_info":{"display_name":"admin5824","author_link":"https:\/\/harryanddeborah2025.fr\/index.php\/author\/admin5824\/"},"uagb_comment_info":0,"uagb_excerpt":"Il n\u2019y a pas d\u2019extrait, car cette publication est prot\u00e9g\u00e9e.","_links":{"self":[{"href":"https:\/\/harryanddeborah2025.fr\/index.php\/wp-json\/wp\/v2\/pages\/74","targetHints":{"allow":["GET"]}}],"collection":[{"href":"https:\/\/harryanddeborah2025.fr\/index.php\/wp-json\/wp\/v2\/pages"}],"about":[{"href":"https:\/\/harryanddeborah2025.fr\/index.php\/wp-json\/wp\/v2\/types\/page"}],"author":[{"embeddable":true,"href":"https:\/\/harryanddeborah2025.fr\/index.php\/wp-json\/wp\/v2\/users\/1"}],"replies":[{"embeddable":true,"href":"https:\/\/harryanddeborah2025.fr\/index.php\/wp-json\/wp\/v2\/comments?post=74"}],"version-history":[{"count":40,"href":"https:\/\/harryanddeborah2025.fr\/index.php\/wp-json\/wp\/v2\/pages\/74\/revisions"}],"predecessor-version":[{"id":934,"href":"https:\/\/harryanddeborah2025.fr\/index.php\/wp-json\/wp\/v2\/pages\/74\/revisions\/934"}],"wp:attachment":[{"href":"https:\/\/harryanddeborah2025.fr\/index.php\/wp-json\/wp\/v2\/media?parent=74"}],"curies":[{"name":"wp","href":"https:\/\/api.w.org\/{rel}","templated":true}]}}